{"id":688,"date":"2023-06-12T09:34:15","date_gmt":"2023-06-12T07:34:15","guid":{"rendered":"https:\/\/www.villaiiris.fi\/?page_id=688"},"modified":"2023-06-27T22:09:37","modified_gmt":"2023-06-27T20:09:37","slug":"villa-iiris-varaus-ja-peruutusehdot","status":"publish","type":"page","link":"https:\/\/www.villaiiris.fi\/index.php\/villa-iiris-varaus-ja-peruutusehdot\/","title":{"rendered":"Villa Iiris varaus- ja peruutusehdot"},"content":{"rendered":"\t\t<div data-elementor-type=\"wp-page\" data-elementor-id=\"688\" class=\"elementor elementor-688\">\n\t\t\t\t\t\t<section class=\"elementor-section elementor-top-section elementor-element elementor-element-e30938a elementor-section-boxed elementor-section-height-default elementor-section-height-default\" data-id=\"e30938a\" data-element_type=\"section\" data-e-type=\"section\">\n\t\t\t\t\t\t<div class=\"elementor-container elementor-column-gap-default\">\n\t\t\t\t\t<div class=\"elementor-column elementor-col-100 elementor-top-column elementor-element elementor-element-8f63b55\" data-id=\"8f63b55\" data-element_type=\"column\" data-e-type=\"column\">\n\t\t\t<div class=\"elementor-widget-wrap elementor-element-populated\">\n\t\t\t\t\t\t<div class=\"elementor-element elementor-element-66e6640 elementor-widget elementor-widget-heading\" data-id=\"66e6640\" data-element_type=\"widget\" data-e-type=\"widget\" data-widget_type=\"heading.default\">\n\t\t\t\t<div class=\"elementor-widget-container\">\n\t\t\t\t\t<h2 class=\"elementor-heading-title elementor-size-default\">Villa Iiris varaus- ja peruutusehdot<\/h2>\t\t\t\t<\/div>\n\t\t\t\t<\/div>\n\t\t\t\t<div class=\"elementor-element elementor-element-70c0674 elementor-widget elementor-widget-text-editor\" data-id=\"70c0674\" data-element_type=\"widget\" data-e-type=\"widget\" data-widget_type=\"text-editor.default\">\n\t\t\t\t<div class=\"elementor-widget-container\">\n\t\t\t\t\t\t\t\t\t<p><strong><span style=\"text-decoration: underline;\">Yleist\u00e4<\/span><\/strong><br>Asiakas voi tehd\u00e4 suoran varauksen www.villaiiris.fi -sivulla olevan varauslomakkeen kautta tai s\u00e4hk\u00f6postitse osoitteeseen info@villaiiris.fi. My\u00f6s Nettim\u00f6kin kautta tehtyihin varauksiin sovelletaan n\u00e4it\u00e4 ehtoja. Asiakas voi varata loma-asunnon my\u00f6s Booking.fi tai Airbnb.fi kautta, jolloin sovelletaan heid\u00e4n varausehtojaan. Varaajan tulee olla t\u00e4ysi-ik\u00e4inen.<\/p>\n<p><span style=\"text-decoration: underline;\"><strong>Varaaminen ja maksaminen<\/strong><\/span><br>Varauksen vahvistamiseksi asiakkaan on maksettava 30 % vuokrahinnasta (varausmaksu). Varaus vahvistuu vasta, kun varausmaksu on maksettu kokonaisuudessaan er\u00e4p\u00e4iv\u00e4\u00e4n menness\u00e4. Loppulasku (j\u00e4ljell\u00e4 oleva 70 % kaikista vuokrakustannuksista) on maksettava viimeist\u00e4\u00e4n 30 p\u00e4iv\u00e4\u00e4 ennen asiakkaan saapumista majoituspaikkaan. Mik\u00e4li varauksen alkuun on tekohetkell\u00e4 aikaa alle 30 p\u00e4iv\u00e4\u00e4, er\u00e4\u00e4ntyy koko summa maksettavaksi yhdell\u00e4 kertaa.<\/p>\n<p><span style=\"text-decoration: underline;\"><strong>Peruutukset<\/strong><\/span><br>Peruutuksista tulee ilmoittaa aina s\u00e4hk\u00f6postitse osoitteeseen info@villaiiris.fi. Peruutus katsotaan tapahtuneeksi sill\u00e4 hetkell\u00e4, kun tieto peruutuksesta on tullut em. s\u00e4hk\u00f6postiin. Mik\u00e4li varaus peruutetaan v\u00e4hint\u00e4\u00e4n 30 p\u00e4iv\u00e4\u00e4 ennen varausjakson alkua, veloitetaan maksettu ennakkomaksu kokonaan. Peruutuksista alle 30 p\u00e4iv\u00e4\u00e4 ennen varausjakson alkua, veloitetaan koko vuokra, mik\u00e4li kohdetta ei saada edelleen vuokrattua.<\/p>\n<p><span style=\"text-decoration: underline;\"><strong>Vuokranantajan oikeus peruuttaa varaus<\/strong><\/span><br>Mik\u00e4li kyseess\u00e4 on ylivoimainen este, force majoure, voi vuokranantaja peruuttaa varauksen. Varaajalla on oikeus t\u00e4ll\u00f6in saada maksamansa vuokra kokonaisuudessaan takaisin. Vuokranantajalla on oikeus perua varaus, mik\u00e4li ennakkomaksua tai vuokran loppuosaa ei ole maksettu er\u00e4p\u00e4iv\u00e4\u00e4n menness\u00e4 eik\u00e4 huomautuksenkaan j\u00e4lkeen 3 vrk:n kuluessa. T\u00e4ll\u00f6in vuokranantajalla ei ole velvollisuutta palauttaa mahdollisesti jo maksettua varausmaksua.<\/p>\n<p><span style=\"text-decoration: underline;\"><strong>Avainten luovutus ja k\u00e4ytt\u00f6<\/strong><\/span><br>Vuokrakohde on varaajan k\u00e4yt\u00f6ss\u00e4 tulop\u00e4iv\u00e4st\u00e4 klo 18:00 l\u00e4ht\u00f6p\u00e4iv\u00e4\u00e4n klo 10:00, ellei toisin ole sovittu. Avaimet (2 kpl) noudetaan huoltoyhti\u00f6mme Yll\u00e4sAvaimen toimistolta tulop\u00e4iv\u00e4n\u00e4 osoitteesta Tunturintie 16 A 1, 95970 \u00c4k\u00e4slompolo. Mik\u00e4li saavut hakemaan avaimia toimistoaikojen ulkopuolella, otathan etuk\u00e4teen yhteytt\u00e4 Yll\u00e4sAvaimen toimistoon saadaksesi ohjeet, puh +358 400 190 217. Katso toimiston aukioloajat osoitteesta www.yllasavain.fi. Mik\u00e4li huoltoyhti\u00f6 tilataan p\u00e4ivystyksellisesti avaamaan ovi, vastaa t\u00e4st\u00e4 aiheutuvista kustannuksista varaaja. Avaimet palautetaan l\u00e4ht\u00f6p\u00e4iv\u00e4n\u00e4 Yll\u00e4sAvaimen toimistolle tai sen kiinni ollessa avainten palautuslaatikkoon. Kadotetusta avaimesta varaajalta perit\u00e4\u00e4n lukkojen vaihtamisesta ja uusista avaimista aiheutuneet todelliset kustannukset.<\/p>\n<p><span style=\"text-decoration: underline;\"><strong>Oleskelu vuokrakohteessa<\/strong><\/span><br>Vuokrakohteen osoite on Kaupinj\u00e4rventie 15 A, 95970 \u00c4k\u00e4slompolo. Vuokrakohteeseen saavuttuanne pyyd\u00e4mme tutustumaan kohteessa oleviin ohjeisiin, joista l\u00f6ytyy t\u00e4rke\u00e4\u00e4 lis\u00e4tietoa kohteen laitteista ja varustuksesta sek\u00e4 oleskelusta kohteessa.<br>Vuodevaatteet ovat pakolliset k\u00e4ytt\u00e4\u00e4. Voit tuoda omat tai vaihtoehtoisesti vuokrata ne huoltoyhti\u00f6lt\u00e4mme. Tupakointi sis\u00e4ll\u00e4 on ehdottomasti kielletty.<br>Lemmikkiel\u00e4imi\u00e4 ei voi tuoda vuokrakohteeseen. Vuokrakohdetta ei saa k\u00e4ytt\u00e4\u00e4 useampi henkil\u00f6 kuin mit\u00e4 varauksen yhteydess\u00e4 on ilmoitettu. Kohteen maksimihenkil\u00f6m\u00e4\u00e4r\u00e4\u00e4 ei saa ylitt\u00e4\u00e4 ilman lupaa. Teltan, asuntoauton, asuntovaunun tai vuokrattavien palveluiden (esim. kylpypalju) k\u00e4ytt\u00f6 on loma-asunnon tontilla kielletty ilman lupaa. T\u00e4yss\u00e4hk\u00f6auton lataaminen m\u00f6kin s\u00e4hk\u00f6verkosta on kielletty. Hybridiauton lataamisesta on sovittava erikseen.<\/p>\n<p><span style=\"text-decoration: underline;\"><strong>Asiakkaan velvollisuudet ennen kohteesta l\u00e4ht\u00f6\u00e4<\/strong><\/span><br>J\u00e4\u00e4kaapin tyhjennys elintarvikkeista. Roskisten tyhjent\u00e4minen pihalla olevaan roska-astiaan. Astioiden pesu ja niiden laittaminen paikoilleen kaappeihin. Vuokrattujen liinavaatteiden pois ottaminen vuoteista ja niiden ker\u00e4\u00e4minen kasaan mielell\u00e4\u00e4n yhteen paikkaan. Asiakkaan on laitettava huonekalut alkuper\u00e4isille paikoilleen. Asiakas voi vied\u00e4 tyhj\u00e4t pullot ja t\u00f6lkit pois, vaihtoehtoisesti ne voi j\u00e4tt\u00e4\u00e4 siivoojille siististi pussiin ker\u00e4ttyin\u00e4 (panttirahat k\u00e4ytet\u00e4\u00e4n tykytoimintaan).<\/p>\n<p><span style=\"text-decoration: underline;\"><strong>Vahingot ja reklamaatiot<\/strong><\/span><br>Varaaja on velvollinen korvaamaan vuokrakohteelle tai sen irtaimistolle aiheuttamansa vahingot vuokranantajalle. Vuokrakohteen varustukseen tai kuntoon liittyv\u00e4t huomautukset tulee osoittaa v\u00e4litt\u00f6m\u00e4sti niiden ilmaannuttua vuokranantajalle.<\/p>\n<p><span style=\"text-decoration: underline;\"><strong>Vakuutus<\/strong><\/span><br>Suosittelemme matkavakuutuksen ottamista. Matkavakuutuksesta matkan peruuntumisesta voi saada korvausta, jos se johtuu omasta tai l\u00e4hiomaisen \u00e4killisest\u00e4 sairaudesta tai tapaturmasta.<\/p>\n<p><span style=\"text-decoration: underline;\"><strong>Ongelmatilanteet<\/strong><\/span><br>Majoittumiseen liittyviss\u00e4 ongelmatilanteissa pyyd\u00e4mme ottamaan yhteytt\u00e4 suoraan vuokranantajaan: Irene Niemel\u00e4inen, puh. +358 50 5345606.<\/p>\t\t\t\t\t\t\t\t<\/div>\n\t\t\t\t<\/div>\n\t\t\t\t\t<\/div>\n\t\t<\/div>\n\t\t\t\t\t<\/div>\n\t\t<\/section>\n\t\t\t\t<\/div>\n\t\t","protected":false},"excerpt":{"rendered":"<p>Villa Iiris varaus- ja peruutusehdot Yleist\u00e4Asiakas voi tehd\u00e4 suoran varauksen www.villaiiris.fi -sivulla olevan varauslomakkeen kautta tai s\u00e4hk\u00f6postitse osoitteeseen info@villaiiris.fi. My\u00f6s Nettim\u00f6kin kautta tehtyihin varauksiin sovelletaan n\u00e4it\u00e4 ehtoja. Asiakas voi varata loma-asunnon my\u00f6s Booking.fi tai Airbnb.fi kautta, jolloin sovelletaan heid\u00e4n varausehtojaan. Varaajan tulee olla t\u00e4ysi-ik\u00e4inen. Varaaminen ja maksaminenVarauksen vahvistamiseksi asiakkaan on maksettava 30 % vuokrahinnasta (varausmaksu). [&hellip;]<\/p>\n","protected":false},"author":1,"featured_media":0,"parent":0,"menu_order":0,"comment_status":"closed","ping_status":"closed","template":"elementor_header_footer","meta":{"footnotes":""},"class_list":["post-688","page","type-page","status-publish","hentry","entry"],"_links":{"self":[{"href":"https:\/\/www.villaiiris.fi\/index.php\/wp-json\/wp\/v2\/pages\/688","targetHints":{"allow":["GET"]}}],"collection":[{"href":"https:\/\/www.villaiiris.fi\/index.php\/wp-json\/wp\/v2\/pages"}],"about":[{"href":"https:\/\/www.villaiiris.fi\/index.php\/wp-json\/wp\/v2\/types\/page"}],"author":[{"embeddable":true,"href":"https:\/\/www.villaiiris.fi\/index.php\/wp-json\/wp\/v2\/users\/1"}],"replies":[{"embeddable":true,"href":"https:\/\/www.villaiiris.fi\/index.php\/wp-json\/wp\/v2\/comments?post=688"}],"version-history":[{"count":7,"href":"https:\/\/www.villaiiris.fi\/index.php\/wp-json\/wp\/v2\/pages\/688\/revisions"}],"predecessor-version":[{"id":739,"href":"https:\/\/www.villaiiris.fi\/index.php\/wp-json\/wp\/v2\/pages\/688\/revisions\/739"}],"wp:attachment":[{"href":"https:\/\/www.villaiiris.fi\/index.php\/wp-json\/wp\/v2\/media?parent=688"}],"curies":[{"name":"wp","href":"https:\/\/api.w.org\/{rel}","templated":true}]}}