{"id":889,"date":"2025-05-19T11:15:28","date_gmt":"2025-05-19T09:15:28","guid":{"rendered":"https:\/\/www.villaiiris.fi\/?page_id=889"},"modified":"2025-05-22T10:34:04","modified_gmt":"2025-05-22T08:34:04","slug":"palautteet","status":"publish","type":"page","link":"https:\/\/www.villaiiris.fi\/index.php\/palautteet\/","title":{"rendered":"Palautteet"},"content":{"rendered":"\t\t<div data-elementor-type=\"wp-page\" data-elementor-id=\"889\" class=\"elementor elementor-889\">\n\t\t\t\t\t\t<section class=\"elementor-section elementor-top-section elementor-element elementor-element-44340010 elementor-section-boxed elementor-section-height-default elementor-section-height-default\" data-id=\"44340010\" data-element_type=\"section\" data-e-type=\"section\" data-settings=\"{&quot;background_background&quot;:&quot;classic&quot;}\">\n\t\t\t\t\t\t<div class=\"elementor-container elementor-column-gap-default\">\n\t\t\t\t\t<div class=\"elementor-column elementor-col-100 elementor-top-column elementor-element elementor-element-67ed4e86\" data-id=\"67ed4e86\" data-element_type=\"column\" data-e-type=\"column\">\n\t\t\t<div class=\"elementor-widget-wrap elementor-element-populated\">\n\t\t\t\t\t\t<div class=\"elementor-element elementor-element-744e7097 elementor-widget elementor-widget-heading\" data-id=\"744e7097\" data-element_type=\"widget\" data-e-type=\"widget\" data-widget_type=\"heading.default\">\n\t\t\t\t<div class=\"elementor-widget-container\">\n\t\t\t\t\t<h2 class=\"elementor-heading-title elementor-size-default\">Palautteet<\/h2>\t\t\t\t<\/div>\n\t\t\t\t<\/div>\n\t\t\t\t<section class=\"elementor-section elementor-inner-section elementor-element elementor-element-5183314f elementor-section-boxed elementor-section-height-default elementor-section-height-default\" data-id=\"5183314f\" data-element_type=\"section\" data-e-type=\"section\" data-settings=\"{&quot;background_background&quot;:&quot;classic&quot;}\">\n\t\t\t\t\t\t<div class=\"elementor-container elementor-column-gap-default\">\n\t\t\t\t\t<div class=\"elementor-column elementor-col-50 elementor-inner-column elementor-element elementor-element-52f90f49\" data-id=\"52f90f49\" data-element_type=\"column\" data-e-type=\"column\">\n\t\t\t<div class=\"elementor-widget-wrap elementor-element-populated\">\n\t\t\t\t\t\t<div class=\"elementor-element elementor-element-7f5be143 elementor-widget elementor-widget-text-editor\" data-id=\"7f5be143\" data-element_type=\"widget\" data-e-type=\"widget\" data-widget_type=\"text-editor.default\">\n\t\t\t\t<div class=\"elementor-widget-container\">\n\t\t\t\t\t\t\t\t\t<p><em>&#8221;Kiitokset kauniin Villa Iiriksen vuokrauksesta. Loma Yll\u00e4ksell\u00e4 oli t\u00e4ydellinen. Ulkoilus\u00e4\u00e4t eiv\u00e4t olisi voineet olla paremmat ja Villa Iiriksess\u00e4 oli todella hyv\u00e4 palautua ja nukkua hyv\u00e4t y\u00f6unet rauhallisessa ja raikkaassa ymp\u00e4rist\u00f6ss\u00e4. Huoneistosta l\u00f6ytyi kaikki tarvittava, mik\u00e4 oli lueteltu kuuluvaksi vuokraajan k\u00e4ytt\u00f6\u00f6n. Talotekniikka (l\u00e4mmitys) ja keitti\u00f6n kodinkoneet toimivat moitteettomasti. Huoneet olivat oikein siistit ja raikkaat. Ainoastaan pyyhimme hieman p\u00f6lyj\u00e4 valaisimista. Piha-alue oli siisti. Kiitokset viel\u00e4 kerran. Toivottavasti voimme palata y\u00f6pym\u00e4\u00e4n Villa Iiriksess\u00e4 tulevinakin vuosina.&#8221;<\/em><\/p><p>Kirsi M.<br \/>Majoittunut huhtikuussa 2025<\/p>\t\t\t\t\t\t\t\t<\/div>\n\t\t\t\t<\/div>\n\t\t\t\t\t<\/div>\n\t\t<\/div>\n\t\t\t\t<div class=\"elementor-column elementor-col-50 elementor-inner-column elementor-element elementor-element-ba57d1d\" data-id=\"ba57d1d\" data-element_type=\"column\" data-e-type=\"column\">\n\t\t\t<div class=\"elementor-widget-wrap elementor-element-populated\">\n\t\t\t\t\t\t<div class=\"elementor-element elementor-element-72ce392 elementor-widget elementor-widget-text-editor\" data-id=\"72ce392\" data-element_type=\"widget\" data-e-type=\"widget\" data-widget_type=\"text-editor.default\">\n\t\t\t\t<div class=\"elementor-widget-container\">\n\t\t\t\t\t\t\t\t\t<p><em>&#8221;Loma oli eritt\u00e4in onnistunut ja m\u00f6kki ihastutti meit\u00e4 suuresti. M\u00f6kki oli eritt\u00e4in viihtyis\u00e4 ja kaikki toimi t\u00e4ydellisesti. Pois l\u00e4htiess\u00e4 koko perheell\u00e4 oli v\u00e4h\u00e4n haikea mieli j\u00e4tt\u00e4\u00e4 m\u00f6kki taakse ja mielell\u00e4\u00e4n tulisimme uudelleen vieraaksi seuraavalla reissulla Yll\u00e4ksell\u00e4.&#8221;<\/em><\/p><p>Pasi H.<br \/>Majoittunut lokakuussa 2024<\/p>\t\t\t\t\t\t\t\t<\/div>\n\t\t\t\t<\/div>\n\t\t\t\t\t<\/div>\n\t\t<\/div>\n\t\t\t\t\t<\/div>\n\t\t<\/section>\n\t\t\t\t<section class=\"elementor-section elementor-inner-section elementor-element elementor-element-3b9b4b9 elementor-section-boxed elementor-section-height-default elementor-section-height-default\" data-id=\"3b9b4b9\" data-element_type=\"section\" data-e-type=\"section\" data-settings=\"{&quot;background_background&quot;:&quot;classic&quot;}\">\n\t\t\t\t\t\t<div class=\"elementor-container elementor-column-gap-default\">\n\t\t\t\t\t<div class=\"elementor-column elementor-col-50 elementor-inner-column elementor-element elementor-element-2aacdea\" data-id=\"2aacdea\" data-element_type=\"column\" data-e-type=\"column\">\n\t\t\t<div class=\"elementor-widget-wrap elementor-element-populated\">\n\t\t\t\t\t\t<div class=\"elementor-element elementor-element-c83af5f elementor-widget elementor-widget-text-editor\" data-id=\"c83af5f\" data-element_type=\"widget\" data-e-type=\"widget\" data-widget_type=\"text-editor.default\">\n\t\t\t\t<div class=\"elementor-widget-container\">\n\t\t\t\t\t\t\t\t\t<p><em>&#8221;Oli upea loma, kiitos m\u00f6kin, joka oli v\u00e4hint\u00e4\u00e4nkin niin upea ja kotoisa kuin kuvittelimme.&#8221;<\/em><\/p><p>Jyrki K.<br \/>Majoittunut syyskuussa 2024<\/p>\t\t\t\t\t\t\t\t<\/div>\n\t\t\t\t<\/div>\n\t\t\t\t\t<\/div>\n\t\t<\/div>\n\t\t\t\t<div class=\"elementor-column elementor-col-50 elementor-inner-column elementor-element elementor-element-51474b1\" data-id=\"51474b1\" data-element_type=\"column\" data-e-type=\"column\">\n\t\t\t<div class=\"elementor-widget-wrap elementor-element-populated\">\n\t\t\t\t\t\t<div class=\"elementor-element elementor-element-1796700 elementor-widget elementor-widget-text-editor\" data-id=\"1796700\" data-element_type=\"widget\" data-e-type=\"widget\" data-widget_type=\"text-editor.default\">\n\t\t\t\t<div class=\"elementor-widget-container\">\n\t\t\t\t\t\t\t\t\t<p><em>&#8221;Kaikki toimi ongelmitta ja viihdyimme paremmin kuin hyvin. M\u00f6kki oli todella hieno eik\u00e4 mit\u00e4\u00e4n puuttunut.&#8221;<\/em><\/p><p>Jenna H.<br \/>Majoittunut elokuussa 2024<\/p>\t\t\t\t\t\t\t\t<\/div>\n\t\t\t\t<\/div>\n\t\t\t\t\t<\/div>\n\t\t<\/div>\n\t\t\t\t\t<\/div>\n\t\t<\/section>\n\t\t\t\t\t<\/div>\n\t\t<\/div>\n\t\t\t\t\t<\/div>\n\t\t<\/section>\n\t\t\t\t<section class=\"elementor-section elementor-top-section elementor-element elementor-element-f4e3f78 elementor-section-boxed elementor-section-height-default elementor-section-height-default\" data-id=\"f4e3f78\" data-element_type=\"section\" data-e-type=\"section\">\n\t\t\t\t\t\t<div class=\"elementor-container elementor-column-gap-default\">\n\t\t\t\t\t<div class=\"elementor-column elementor-col-100 elementor-top-column elementor-element elementor-element-50c25b3\" data-id=\"50c25b3\" data-element_type=\"column\" data-e-type=\"column\">\n\t\t\t<div class=\"elementor-widget-wrap elementor-element-populated\">\n\t\t\t\t\t\t<div class=\"elementor-element elementor-element-b9ad9da elementor-widget elementor-widget-text-editor\" data-id=\"b9ad9da\" data-element_type=\"widget\" data-e-type=\"widget\" data-widget_type=\"text-editor.default\">\n\t\t\t\t<div class=\"elementor-widget-container\">\n\t\t\t\t\t\t\t\t\t<p><strong>Lis\u00e4\u00e4 arvosteluja l\u00f6yd\u00e4t Nettim\u00f6kist\u00e4 ja Booking.com:sta.<\/strong><\/p>\t\t\t\t\t\t\t\t<\/div>\n\t\t\t\t<\/div>\n\t\t\t\t<div class=\"elementor-element elementor-element-d939857 elementor-align-center elementor-widget elementor-widget-button\" data-id=\"d939857\" data-element_type=\"widget\" data-e-type=\"widget\" data-widget_type=\"button.default\">\n\t\t\t\t<div class=\"elementor-widget-container\">\n\t\t\t\t\t\t\t\t\t<div class=\"elementor-button-wrapper\">\n\t\t\t\t\t<a class=\"elementor-button elementor-button-link elementor-size-sm\" href=\"https:\/\/www.villaiiris.fi\/index.php\/hinnasto-ja-kalenteri\/\">\n\t\t\t\t\t\t<span class=\"elementor-button-content-wrapper\">\n\t\t\t\t\t\t\t\t\t<span class=\"elementor-button-text\">Tee varaus Villa Iirikseen<\/span>\n\t\t\t\t\t<\/span>\n\t\t\t\t\t<\/a>\n\t\t\t\t<\/div>\n\t\t\t\t\t\t\t\t<\/div>\n\t\t\t\t<\/div>\n\t\t\t\t\t<\/div>\n\t\t<\/div>\n\t\t\t\t\t<\/div>\n\t\t<\/section>\n\t\t\t\t<\/div>\n\t\t","protected":false},"excerpt":{"rendered":"<p>Palautteet &#8221;Kiitokset kauniin Villa Iiriksen vuokrauksesta. Loma Yll\u00e4ksell\u00e4 oli t\u00e4ydellinen. Ulkoilus\u00e4\u00e4t eiv\u00e4t olisi voineet olla paremmat ja Villa Iiriksess\u00e4 oli todella hyv\u00e4 palautua ja nukkua hyv\u00e4t y\u00f6unet rauhallisessa ja raikkaassa ymp\u00e4rist\u00f6ss\u00e4. Huoneistosta l\u00f6ytyi kaikki tarvittava, mik\u00e4 oli lueteltu kuuluvaksi vuokraajan k\u00e4ytt\u00f6\u00f6n. Talotekniikka (l\u00e4mmitys) ja keitti\u00f6n kodinkoneet toimivat moitteettomasti. Huoneet olivat oikein siistit ja raikkaat. Ainoastaan [&hellip;]<\/p>\n","protected":false},"author":1,"featured_media":0,"parent":0,"menu_order":0,"comment_status":"closed","ping_status":"closed","template":"elementor_header_footer","meta":{"footnotes":""},"class_list":["post-889","page","type-page","status-publish","hentry","entry"],"_links":{"self":[{"href":"https:\/\/www.villaiiris.fi\/index.php\/wp-json\/wp\/v2\/pages\/889","targetHints":{"allow":["GET"]}}],"collection":[{"href":"https:\/\/www.villaiiris.fi\/index.php\/wp-json\/wp\/v2\/pages"}],"about":[{"href":"https:\/\/www.villaiiris.fi\/index.php\/wp-json\/wp\/v2\/types\/page"}],"author":[{"embeddable":true,"href":"https:\/\/www.villaiiris.fi\/index.php\/wp-json\/wp\/v2\/users\/1"}],"replies":[{"embeddable":true,"href":"https:\/\/www.villaiiris.fi\/index.php\/wp-json\/wp\/v2\/comments?post=889"}],"version-history":[{"count":10,"href":"https:\/\/www.villaiiris.fi\/index.php\/wp-json\/wp\/v2\/pages\/889\/revisions"}],"predecessor-version":[{"id":909,"href":"https:\/\/www.villaiiris.fi\/index.php\/wp-json\/wp\/v2\/pages\/889\/revisions\/909"}],"wp:attachment":[{"href":"https:\/\/www.villaiiris.fi\/index.php\/wp-json\/wp\/v2\/media?parent=889"}],"curies":[{"name":"wp","href":"https:\/\/api.w.org\/{rel}","templated":true}]}}